{"id":977,"date":"2024-01-07T20:46:08","date_gmt":"2024-01-07T19:46:08","guid":{"rendered":"https:\/\/www.capschoul.lu\/?page_id=977"},"modified":"2024-01-08T09:57:24","modified_gmt":"2024-01-08T08:57:24","slug":"contact-2","status":"publish","type":"page","link":"https:\/\/www.capschoul.lu\/index.php\/contact-2\/","title":{"rendered":"Contact"},"content":{"rendered":"<div class=\"wpb-content-wrapper\"><p>[vc_row][vc_column][vc_empty_space][\/vc_column][\/vc_row][vc_row][vc_column width=\u00a0\u00bb1\/2&Prime;][vc_column_text]<\/p>\n<h1>Horaires d&rsquo;ouverture<\/h1>\n<p>[\/vc_column_text][\/vc_column][vc_column width=\u00a0\u00bb1\/2&Prime;][vc_single_image image=\u00a0\u00bb983&Prime; img_size=\u00a0\u00bbfull\u00a0\u00bb][\/vc_column][\/vc_row][vc_row][vc_column][vc_empty_space][\/vc_column][\/vc_row][vc_row][vc_column][vc_column_text]<\/p>\n<h3><table class=\"mabel-bhi-businesshours\"><tr ><td>Monday<\/td><td>14:00 &mdash; 18:00<\/td><\/tr><tr ><td>Tuesday<\/td><td>14:00 &mdash; 18:00<\/td><\/tr><tr ><td>Wednesday<\/td><td>14:00 &mdash; 18:00<\/td><\/tr><tr ><td>Thursday<\/td><td>14:00 &mdash; 18:00<\/td><\/tr><tr ><td>Friday<\/td><td>14:00 &mdash; 18:00<\/td><\/tr><tr class=\"mbhi-is-current\"><td>Saturday<\/td><td>9:00 &mdash; 12:00<\/td><\/tr><tr ><td>Sunday<\/td><td>Closed<\/td><\/tr><\/table><\/h3>\n<p>[\/vc_column_text][vc_empty_space][vc_column_text]<\/p>\n<h2><code>\n<span class=\"mb-bhi-display mb-bhi-closed\">\n\tIt's<span class=\"mb-bhi-day\"> Saturday<\/span><span class=\"mb-bhi-time\"> 3:58<\/span> &mdash; <span class=\"mb-bhi-oc-text\">D\u00e9sol\u00e9, nous sommes ferm\u00e9s<\/span><\/span>\n<\/code><\/h2>\n<p>[\/vc_column_text][vc_empty_space][\/vc_column][\/vc_row][vc_row][vc_column] <h2 style=\"color:;padding:px;text-align:;font-size:px;line-height:px;letter-spacing: px;font-weight:\" class=\"    \">Email : info@capschoul.lu<\/h2> [vc_empty_space] <h2 style=\"color:;padding:px;text-align:;font-size:px;line-height:px;letter-spacing: px;font-weight:\" class=\"    \">Tel : +352 661 229 555<\/h2> [vc_empty_space] <h2 style=\"color:;padding:px;text-align:;font-size:px;line-height:px;letter-spacing: px;font-weight:\" class=\"    \">Localisation<\/h2> [vc_empty_space][vc_gmaps link=\u00a0\u00bb#E-8_JTNDaWZyYW1lJTIwc3JjJTNEJTIyaHR0cHMlM0ElMkYlMkZ3d3cuZ29vZ2xlLmNvbSUyRm1hcHMlMkZlbWJlZCUzRnBiJTNEJTIxMW0xOCUyMTFtMTIlMjExbTMlMjExZDIwNTQ2LjM0MjAxNjE0NjA5MyUyMTJkNS43Njg2MjUwODE3NTY3NjglMjEzZDQ5LjkzMDg0NzkwODgwOTEzJTIxMm0zJTIxMWYwJTIxMmYwJTIxM2YwJTIxM20yJTIxMWkxMDI0JTIxMmk3NjglMjE0ZjEzLjElMjEzbTMlMjExbTIlMjExczB4NDdjMDFjNWVjZTljODYyOSUyNTNBMHhjY2FjYzM4ODNkMzNkNmY0JTIxMnNIYXJsYW5nZSUyNTIwTGFjJTI1MjBkZSUyNTIwbGElMjUyMEhhdXRlLVMlMjVDMyUyNUJCcmUlMjE1ZTAlMjEzbTIlMjExc2ZyJTIxMnNsdSUyMTR2MTcwNDY1NTk4NTkzNSUyMTVtMiUyMTFzZnIlMjEyc2x1JTIyJTIwd2lkdGglM0QlMjI2MDAlMjIlMjBoZWlnaHQlM0QlMjI0NTAlMjIlMjBzdHlsZSUzRCUyMmJvcmRlciUzQTAlM0IlMjIlMjBhbGxvd2Z1bGxzY3JlZW4lM0QlMjIlMjIlMjBsb2FkaW5nJTNEJTIybGF6eSUyMiUyMHJlZmVycmVycG9saWN5JTNEJTIybm8tcmVmZXJyZXItd2hlbi1kb3duZ3JhZGUlMjIlM0UlM0MlMkZpZnJhbWUlM0U=\u00a0\u00bb][\/vc_column][\/vc_row][vc_row][vc_column][vc_empty_space][\/vc_column][\/vc_row]<\/p>\n<\/div>","protected":false},"excerpt":{"rendered":"<p>[vc_row][vc_column][vc_empty_space][\/vc_column][\/vc_row][vc_row][vc_column width=\u00a0\u00bb1\/2&Prime;][vc_column_text] Horaires d&rsquo;ouverture [\/vc_column_text][\/vc_column][vc_column width=\u00a0\u00bb1\/2&Prime;][vc_single_image image=\u00a0\u00bb983&Prime; img_size=\u00a0\u00bbfull\u00a0\u00bb][\/vc_column][\/vc_row][vc_row][vc_column][vc_empty_space][\/vc_column][\/vc_row][vc_row][vc_column][vc_column_text] [\/vc_column_text][vc_empty_space][vc_column_text] [\/vc_column_text][vc_empty_space][\/vc_column][\/vc_row][vc_row][vc_column][vc_empty_space][vc_empty_space][vc_empty_space][vc_gmaps link=\u00a0\u00bb#E-8_JTNDaWZyYW1lJTIwc3JjJTNEJTIyaHR0cHMlM0ElMkYlMkZ3d3cuZ29vZ2xlLmNvbSUyRm1hcHMlMkZlbWJlZCUzRnBiJTNEJTIxMW0xOCUyMTFtMTIlMjExbTMlMjExZDIwNTQ2LjM0MjAxNjE0NjA5MyUyMTJkNS43Njg2MjUwODE3NTY3NjglMjEzZDQ5LjkzMDg0NzkwODgwOTEzJTIxMm0zJTIxMWYwJTIxMmYwJTIxM2YwJTIxM20yJTIxMWkxMDI0JTIxMmk3NjglMjE0ZjEzLjElMjEzbTMlMjExbTIlMjExczB4NDdjMDFjNWVjZTljODYyOSUyNTNBMHhjY2FjYzM4ODNkMzNkNmY0JTIxMnNIYXJsYW5nZSUyNTIwTGFjJTI1MjBkZSUyNTIwbGElMjUyMEhhdXRlLVMlMjVDMyUyNUJCcmUlMjE1ZTAlMjEzbTIlMjExc2ZyJTIxMnNsdSUyMTR2MTcwNDY1NTk4NTkzNSUyMTVtMiUyMTFzZnIlMjEyc2x1JTIyJTIwd2lkdGglM0QlMjI2MDAlMjIlMjBoZWlnaHQlM0QlMjI0NTAlMjIlMjBzdHlsZSUzRCUyMmJvcmRlciUzQTAlM0IlMjIlMjBhbGxvd2Z1bGxzY3JlZW4lM0QlMjIlMjIlMjBsb2FkaW5nJTNEJTIybGF6eSUyMiUyMHJlZmVycmVycG9saWN5JTNEJTIybm8tcmVmZXJyZXItd2hlbi1kb3duZ3JhZGUlMjIlM0UlM0MlMkZpZnJhbWUlM0U=\u00a0\u00bb][\/vc_column][\/vc_row][vc_row][vc_column][vc_empty_space][\/vc_column][\/vc_row]<\/p>\n","protected":false},"author":1,"featured_media":0,"parent":0,"menu_order":0,"comment_status":"closed","ping_status":"closed","template":"","meta":{"footnotes":""},"class_list":["post-977","page","type-page","status-publish","hentry"],"yoast_head":"<!-- This site is optimized with the Yoast SEO plugin v21.8 - https:\/\/yoast.com\/wordpress\/plugins\/seo\/ -->\n<title>Contact - Capschoul<\/title>\n<meta name=\"robots\" content=\"index, follow, max-snippet:-1, max-image-preview:large, max-video-preview:-1\" \/>\n<link rel=\"canonical\" href=\"https:\/\/www.capschoul.lu\/index.php\/contact-2\/\" \/>\n<meta property=\"og:locale\" content=\"fr_FR\" \/>\n<meta property=\"og:type\" content=\"article\" \/>\n<meta property=\"og:title\" content=\"Contact - Capschoul\" \/>\n<meta property=\"og:description\" content=\"[vc_row][vc_column][vc_empty_space][\/vc_column][\/vc_row][vc_row][vc_column width=\u00a0\u00bb1\/2&Prime;][vc_column_text] Horaires d&rsquo;ouverture [\/vc_column_text][\/vc_column][vc_column width=\u00a0\u00bb1\/2&Prime;][vc_single_image image=\u00a0\u00bb983&Prime; img_size=\u00a0\u00bbfull\u00a0\u00bb][\/vc_column][\/vc_row][vc_row][vc_column][vc_empty_space][\/vc_column][\/vc_row][vc_row][vc_column][vc_column_text] [\/vc_column_text][vc_empty_space][vc_column_text] [\/vc_column_text][vc_empty_space][\/vc_column][\/vc_row][vc_row][vc_column][vc_empty_space][vc_empty_space][vc_empty_space][vc_gmaps link=\u00a0\u00bb#E-8_JTNDaWZyYW1lJTIwc3JjJTNEJTIyaHR0cHMlM0ElMkYlMkZ3d3cuZ29vZ2xlLmNvbSUyRm1hcHMlMkZlbWJlZCUzRnBiJTNEJTIxMW0xOCUyMTFtMTIlMjExbTMlMjExZDIwNTQ2LjM0MjAxNjE0NjA5MyUyMTJkNS43Njg2MjUwODE3NTY3NjglMjEzZDQ5LjkzMDg0NzkwODgwOTEzJTIxMm0zJTIxMWYwJTIxMmYwJTIxM2YwJTIxM20yJTIxMWkxMDI0JTIxMmk3NjglMjE0ZjEzLjElMjEzbTMlMjExbTIlMjExczB4NDdjMDFjNWVjZTljODYyOSUyNTNBMHhjY2FjYzM4ODNkMzNkNmY0JTIxMnNIYXJsYW5nZSUyNTIwTGFjJTI1MjBkZSUyNTIwbGElMjUyMEhhdXRlLVMlMjVDMyUyNUJCcmUlMjE1ZTAlMjEzbTIlMjExc2ZyJTIxMnNsdSUyMTR2MTcwNDY1NTk4NTkzNSUyMTVtMiUyMTFzZnIlMjEyc2x1JTIyJTIwd2lkdGglM0QlMjI2MDAlMjIlMjBoZWlnaHQlM0QlMjI0NTAlMjIlMjBzdHlsZSUzRCUyMmJvcmRlciUzQTAlM0IlMjIlMjBhbGxvd2Z1bGxzY3JlZW4lM0QlMjIlMjIlMjBsb2FkaW5nJTNEJTIybGF6eSUyMiUyMHJlZmVycmVycG9saWN5JTNEJTIybm8tcmVmZXJyZXItd2hlbi1kb3duZ3JhZGUlMjIlM0UlM0MlMkZpZnJhbWUlM0U=\u00a0\u00bb][\/vc_column][\/vc_row][vc_row][vc_column][vc_empty_space][\/vc_column][\/vc_row]\" \/>\n<meta property=\"og:url\" content=\"https:\/\/www.capschoul.lu\/index.php\/contact-2\/\" \/>\n<meta property=\"og:site_name\" content=\"Capschoul\" \/>\n<meta property=\"article:modified_time\" content=\"2024-01-08T08:57:24+00:00\" \/>\n<meta name=\"twitter:card\" content=\"summary_large_image\" \/>\n<meta name=\"twitter:label1\" content=\"Dur\u00e9e de lecture estim\u00e9e\" \/>\n\t<meta name=\"twitter:data1\" content=\"1 minute\" \/>\n<script type=\"application\/ld+json\" class=\"yoast-schema-graph\">{\"@context\":\"https:\/\/schema.org\",\"@graph\":[{\"@type\":\"WebPage\",\"@id\":\"https:\/\/www.capschoul.lu\/index.php\/contact-2\/\",\"url\":\"https:\/\/www.capschoul.lu\/index.php\/contact-2\/\",\"name\":\"Contact - Capschoul\",\"isPartOf\":{\"@id\":\"https:\/\/www.capschoul.lu\/#website\"},\"datePublished\":\"2024-01-07T19:46:08+00:00\",\"dateModified\":\"2024-01-08T08:57:24+00:00\",\"breadcrumb\":{\"@id\":\"https:\/\/www.capschoul.lu\/index.php\/contact-2\/#breadcrumb\"},\"inLanguage\":\"fr-FR\",\"potentialAction\":[{\"@type\":\"ReadAction\",\"target\":[\"https:\/\/www.capschoul.lu\/index.php\/contact-2\/\"]}]},{\"@type\":\"BreadcrumbList\",\"@id\":\"https:\/\/www.capschoul.lu\/index.php\/contact-2\/#breadcrumb\",\"itemListElement\":[{\"@type\":\"ListItem\",\"position\":1,\"name\":\"Accueil\",\"item\":\"https:\/\/www.capschoul.lu\/\"},{\"@type\":\"ListItem\",\"position\":2,\"name\":\"Contact\"}]},{\"@type\":\"WebSite\",\"@id\":\"https:\/\/www.capschoul.lu\/#website\",\"url\":\"https:\/\/www.capschoul.lu\/\",\"name\":\"Capschoul\",\"description\":\"Soutien scolaire Luxembourg\",\"publisher\":{\"@id\":\"https:\/\/www.capschoul.lu\/#organization\"},\"potentialAction\":[{\"@type\":\"SearchAction\",\"target\":{\"@type\":\"EntryPoint\",\"urlTemplate\":\"https:\/\/www.capschoul.lu\/?s={search_term_string}\"},\"query-input\":\"required name=search_term_string\"}],\"inLanguage\":\"fr-FR\"},{\"@type\":\"Organization\",\"@id\":\"https:\/\/www.capschoul.lu\/#organization\",\"name\":\"Capschoul\",\"url\":\"https:\/\/www.capschoul.lu\/\",\"logo\":{\"@type\":\"ImageObject\",\"inLanguage\":\"fr-FR\",\"@id\":\"https:\/\/www.capschoul.lu\/#\/schema\/logo\/image\/\",\"url\":\"https:\/\/www.capschoul.lu\/wp-content\/uploads\/2024\/01\/logo-CAP-SCHOUL-Landscape300trans.png\",\"contentUrl\":\"https:\/\/www.capschoul.lu\/wp-content\/uploads\/2024\/01\/logo-CAP-SCHOUL-Landscape300trans.png\",\"width\":300,\"height\":85,\"caption\":\"Capschoul\"},\"image\":{\"@id\":\"https:\/\/www.capschoul.lu\/#\/schema\/logo\/image\/\"}}]}<\/script>\n<!-- \/ Yoast SEO plugin. -->","yoast_head_json":{"title":"Contact - Capschoul","robots":{"index":"index","follow":"follow","max-snippet":"max-snippet:-1","max-image-preview":"max-image-preview:large","max-video-preview":"max-video-preview:-1"},"canonical":"https:\/\/www.capschoul.lu\/index.php\/contact-2\/","og_locale":"fr_FR","og_type":"article","og_title":"Contact - Capschoul","og_description":"[vc_row][vc_column][vc_empty_space][\/vc_column][\/vc_row][vc_row][vc_column width=\u00a0\u00bb1\/2&Prime;][vc_column_text] Horaires d&rsquo;ouverture [\/vc_column_text][\/vc_column][vc_column width=\u00a0\u00bb1\/2&Prime;][vc_single_image image=\u00a0\u00bb983&Prime; img_size=\u00a0\u00bbfull\u00a0\u00bb][\/vc_column][\/vc_row][vc_row][vc_column][vc_empty_space][\/vc_column][\/vc_row][vc_row][vc_column][vc_column_text] [\/vc_column_text][vc_empty_space][vc_column_text] [\/vc_column_text][vc_empty_space][\/vc_column][\/vc_row][vc_row][vc_column][vc_empty_space][vc_empty_space][vc_empty_space][vc_gmaps link=\u00a0\u00bb#E-8_JTNDaWZyYW1lJTIwc3JjJTNEJTIyaHR0cHMlM0ElMkYlMkZ3d3cuZ29vZ2xlLmNvbSUyRm1hcHMlMkZlbWJlZCUzRnBiJTNEJTIxMW0xOCUyMTFtMTIlMjExbTMlMjExZDIwNTQ2LjM0MjAxNjE0NjA5MyUyMTJkNS43Njg2MjUwODE3NTY3NjglMjEzZDQ5LjkzMDg0NzkwODgwOTEzJTIxMm0zJTIxMWYwJTIxMmYwJTIxM2YwJTIxM20yJTIxMWkxMDI0JTIxMmk3NjglMjE0ZjEzLjElMjEzbTMlMjExbTIlMjExczB4NDdjMDFjNWVjZTljODYyOSUyNTNBMHhjY2FjYzM4ODNkMzNkNmY0JTIxMnNIYXJsYW5nZSUyNTIwTGFjJTI1MjBkZSUyNTIwbGElMjUyMEhhdXRlLVMlMjVDMyUyNUJCcmUlMjE1ZTAlMjEzbTIlMjExc2ZyJTIxMnNsdSUyMTR2MTcwNDY1NTk4NTkzNSUyMTVtMiUyMTFzZnIlMjEyc2x1JTIyJTIwd2lkdGglM0QlMjI2MDAlMjIlMjBoZWlnaHQlM0QlMjI0NTAlMjIlMjBzdHlsZSUzRCUyMmJvcmRlciUzQTAlM0IlMjIlMjBhbGxvd2Z1bGxzY3JlZW4lM0QlMjIlMjIlMjBsb2FkaW5nJTNEJTIybGF6eSUyMiUyMHJlZmVycmVycG9saWN5JTNEJTIybm8tcmVmZXJyZXItd2hlbi1kb3duZ3JhZGUlMjIlM0UlM0MlMkZpZnJhbWUlM0U=\u00a0\u00bb][\/vc_column][\/vc_row][vc_row][vc_column][vc_empty_space][\/vc_column][\/vc_row]","og_url":"https:\/\/www.capschoul.lu\/index.php\/contact-2\/","og_site_name":"Capschoul","article_modified_time":"2024-01-08T08:57:24+00:00","twitter_card":"summary_large_image","twitter_misc":{"Dur\u00e9e de lecture estim\u00e9e":"1 minute"},"schema":{"@context":"https:\/\/schema.org","@graph":[{"@type":"WebPage","@id":"https:\/\/www.capschoul.lu\/index.php\/contact-2\/","url":"https:\/\/www.capschoul.lu\/index.php\/contact-2\/","name":"Contact - Capschoul","isPartOf":{"@id":"https:\/\/www.capschoul.lu\/#website"},"datePublished":"2024-01-07T19:46:08+00:00","dateModified":"2024-01-08T08:57:24+00:00","breadcrumb":{"@id":"https:\/\/www.capschoul.lu\/index.php\/contact-2\/#breadcrumb"},"inLanguage":"fr-FR","potentialAction":[{"@type":"ReadAction","target":["https:\/\/www.capschoul.lu\/index.php\/contact-2\/"]}]},{"@type":"BreadcrumbList","@id":"https:\/\/www.capschoul.lu\/index.php\/contact-2\/#breadcrumb","itemListElement":[{"@type":"ListItem","position":1,"name":"Accueil","item":"https:\/\/www.capschoul.lu\/"},{"@type":"ListItem","position":2,"name":"Contact"}]},{"@type":"WebSite","@id":"https:\/\/www.capschoul.lu\/#website","url":"https:\/\/www.capschoul.lu\/","name":"Capschoul","description":"Soutien scolaire Luxembourg","publisher":{"@id":"https:\/\/www.capschoul.lu\/#organization"},"potentialAction":[{"@type":"SearchAction","target":{"@type":"EntryPoint","urlTemplate":"https:\/\/www.capschoul.lu\/?s={search_term_string}"},"query-input":"required name=search_term_string"}],"inLanguage":"fr-FR"},{"@type":"Organization","@id":"https:\/\/www.capschoul.lu\/#organization","name":"Capschoul","url":"https:\/\/www.capschoul.lu\/","logo":{"@type":"ImageObject","inLanguage":"fr-FR","@id":"https:\/\/www.capschoul.lu\/#\/schema\/logo\/image\/","url":"https:\/\/www.capschoul.lu\/wp-content\/uploads\/2024\/01\/logo-CAP-SCHOUL-Landscape300trans.png","contentUrl":"https:\/\/www.capschoul.lu\/wp-content\/uploads\/2024\/01\/logo-CAP-SCHOUL-Landscape300trans.png","width":300,"height":85,"caption":"Capschoul"},"image":{"@id":"https:\/\/www.capschoul.lu\/#\/schema\/logo\/image\/"}}]}},"_links":{"self":[{"href":"https:\/\/www.capschoul.lu\/index.php\/wp-json\/wp\/v2\/pages\/977","targetHints":{"allow":["GET"]}}],"collection":[{"href":"https:\/\/www.capschoul.lu\/index.php\/wp-json\/wp\/v2\/pages"}],"about":[{"href":"https:\/\/www.capschoul.lu\/index.php\/wp-json\/wp\/v2\/types\/page"}],"author":[{"embeddable":true,"href":"https:\/\/www.capschoul.lu\/index.php\/wp-json\/wp\/v2\/users\/1"}],"replies":[{"embeddable":true,"href":"https:\/\/www.capschoul.lu\/index.php\/wp-json\/wp\/v2\/comments?post=977"}],"version-history":[{"count":6,"href":"https:\/\/www.capschoul.lu\/index.php\/wp-json\/wp\/v2\/pages\/977\/revisions"}],"predecessor-version":[{"id":1051,"href":"https:\/\/www.capschoul.lu\/index.php\/wp-json\/wp\/v2\/pages\/977\/revisions\/1051"}],"wp:attachment":[{"href":"https:\/\/www.capschoul.lu\/index.php\/wp-json\/wp\/v2\/media?parent=977"}],"curies":[{"name":"wp","href":"https:\/\/api.w.org\/{rel}","templated":true}]}}