{"id":968,"date":"2024-01-07T19:54:49","date_gmt":"2024-01-07T18:54:49","guid":{"rendered":"https:\/\/www.capschoul.lu\/?page_id=968"},"modified":"2024-01-07T19:56:49","modified_gmt":"2024-01-07T18:56:49","slug":"programme-secondaire","status":"publish","type":"page","link":"https:\/\/www.capschoul.lu\/index.php\/programme-secondaire\/","title":{"rendered":"Programme Secondaire"},"content":{"rendered":"<div class=\"wpb-content-wrapper\"><p>[vc_row][vc_column][vc_empty_space][\/vc_column][\/vc_row][vc_row][vc_column][vc_column_text]<\/p>\n<h1 class=\" nd_options_text_align_center_responsive_important nd_options_first_font \">Description du programme<\/h1>\n<p>[\/vc_column_text][\/vc_column][\/vc_row][vc_row][vc_column width=\u00a0\u00bb1\/2&Prime;][vc_column_text]L\u2019entr\u00e9e au lyc\u00e9e est\u00a0 une nouvelle \u00e9tape dans le parcours scolaire de chaque \u00e9l\u00e8ve, il s\u2019agit pour lui d\u2019un nouvel univers auquel il va devoir s\u2019adapter et apprivoiser.<br \/>\nCela suppose aussi d\u2019autres m\u00e9thodes de travail : l\u2019\u00e9l\u00e8ve doit mieux s\u2019organiser pour rendre des comptes \u00e0 plusieurs interlocuteurs (un enseignant par mati\u00e8re, auquel s\u2019ajoute le professeur principal). Chaque cycle scolaire suppose de nouveaux enjeux.<\/p>\n<div align=\"justify\">\n<p><span class=\"style2\"><strong>Capschoul<\/strong><\/span> propose\u00a0 :<\/p>\n<div align=\"justify\">\n<ul type=\"disc\">\n<li>des cours d\u2019appui individuels en fran\u00e7ais et math\u00e9matiques, du syst\u00e8me scolaire luxembourgeois (enseignement secondaire et secondaire technique)\n<ul>\n<li>une remise \u00e0 niveau<\/li>\n<li>une r\u00e9vision des programmes<\/li>\n<li>un cours de r\u00e9vision pendant les cong\u00e9s et vacances scolaires<\/li>\n<li>une aide aux devoirs \u00e0 domicile<\/li>\n<li>une pr\u00e9paration aux devoirs en classe<\/li>\n<\/ul>\n<\/li>\n<\/ul>\n<\/div>\n<\/div>\n<p>[\/vc_column_text][\/vc_column][vc_column width=\u00a0\u00bb1\/2&Prime;][vc_single_image image=\u00a0\u00bb959&Prime; img_size=\u00a0\u00bbfull\u00a0\u00bb][\/vc_column][\/vc_row][vc_row][vc_column][vc_empty_space][\/vc_column][\/vc_row][vc_row][vc_column][vc_column_text]<\/p>\n<h1 class=\" nd_options_text_align_center_responsive_important nd_options_first_font \">Optez pour la m\u00e9thologie CAPSCHOUL !<\/h1>\n<p>[\/vc_column_text][\/vc_column][\/vc_row][vc_row][vc_column][vc_empty_space][\/vc_column][\/vc_row][vc_row][vc_column width=\u00a0\u00bb1\/2&Prime;][vc_single_image image=\u00a0\u00bb943&Prime; img_size=\u00a0\u00bbfull\u00a0\u00bb][\/vc_column][vc_column width=\u00a0\u00bb1\/2&Prime;][vc_column_text]<\/p>\n<h1 class=\" nd_options_text_align_center_responsive_important nd_options_first_font \">Une m\u00e9thodologie adapt\u00e9e \u00e0 votre enfant<\/h1>\n<div class=\"wpb_text_column wpb_content_element nd_options_text_align_center_responsive\">\n<div class=\"wpb_wrapper\">\n<p>Apr\u00e8s un entretien individuel avec l\u2019\u00e9l\u00e8ve, et une \u00e9valuation qui permet de conna\u00eetre les points forts et points faibles de l\u2019\u00e9l\u00e8ve, je mets en place un programme qui lui correspond.<\/p>\n<p>J\u2019utilise les moyens technologiques modernes qui font aujourd\u2019hui partie du quotidien de la nouvelle g\u00e9n\u00e9ration. L\u2019apprentissage devient ludique et int\u00e9ressant pour les \u00e9l\u00e8ves du primaire.Tous les profils sont satisfaits, les visuels comme les auditifs.<\/p>\n<p>Je travaille en collaboration avec les enseignants des \u00e9l\u00e8ves pour un r\u00e9sultat optimal.<\/p>\n<\/div>\n<\/div>\n<p>[\/vc_column_text][\/vc_column][\/vc_row][vc_row][vc_column][vc_empty_space][\/vc_column][\/vc_row]<\/p>\n<\/div>","protected":false},"excerpt":{"rendered":"<p>[vc_row][vc_column][vc_empty_space][\/vc_column][\/vc_row][vc_row][vc_column][vc_column_text] Description du programme [\/vc_column_text][\/vc_column][\/vc_row][vc_row][vc_column width=\u00a0\u00bb1\/2&Prime;][vc_column_text]L\u2019entr\u00e9e au lyc\u00e9e est\u00a0 une nouvelle \u00e9tape dans le parcours scolaire de chaque \u00e9l\u00e8ve, il s\u2019agit pour lui d\u2019un nouvel univers auquel il va devoir s\u2019adapter et apprivoiser. Cela suppose aussi d\u2019autres m\u00e9thodes de travail : l\u2019\u00e9l\u00e8ve doit mieux s\u2019organiser pour rendre des comptes \u00e0 plusieurs interlocuteurs (un enseignant par [&hellip;]<\/p>\n","protected":false},"author":1,"featured_media":0,"parent":0,"menu_order":0,"comment_status":"closed","ping_status":"closed","template":"","meta":{"footnotes":""},"class_list":["post-968","page","type-page","status-publish","hentry"],"yoast_head":"<!-- This site is optimized with the Yoast SEO plugin v21.8 - https:\/\/yoast.com\/wordpress\/plugins\/seo\/ -->\n<title>Programme Secondaire - Capschoul<\/title>\n<meta name=\"robots\" content=\"index, follow, max-snippet:-1, max-image-preview:large, max-video-preview:-1\" \/>\n<link rel=\"canonical\" href=\"https:\/\/www.capschoul.lu\/index.php\/programme-secondaire\/\" \/>\n<meta property=\"og:locale\" content=\"fr_FR\" \/>\n<meta property=\"og:type\" content=\"article\" \/>\n<meta property=\"og:title\" content=\"Programme Secondaire - Capschoul\" \/>\n<meta property=\"og:description\" content=\"[vc_row][vc_column][vc_empty_space][\/vc_column][\/vc_row][vc_row][vc_column][vc_column_text] Description du programme [\/vc_column_text][\/vc_column][\/vc_row][vc_row][vc_column width=\u00a0\u00bb1\/2&Prime;][vc_column_text]L\u2019entr\u00e9e au lyc\u00e9e est\u00a0 une nouvelle \u00e9tape dans le parcours scolaire de chaque \u00e9l\u00e8ve, il s\u2019agit pour lui d\u2019un nouvel univers auquel il va devoir s\u2019adapter et apprivoiser. Cela suppose aussi d\u2019autres m\u00e9thodes de travail : l\u2019\u00e9l\u00e8ve doit mieux s\u2019organiser pour rendre des comptes \u00e0 plusieurs interlocuteurs (un enseignant par [&hellip;]\" \/>\n<meta property=\"og:url\" content=\"https:\/\/www.capschoul.lu\/index.php\/programme-secondaire\/\" \/>\n<meta property=\"og:site_name\" content=\"Capschoul\" \/>\n<meta property=\"article:modified_time\" content=\"2024-01-07T18:56:49+00:00\" \/>\n<meta name=\"twitter:card\" content=\"summary_large_image\" \/>\n<meta name=\"twitter:label1\" content=\"Dur\u00e9e de lecture estim\u00e9e\" \/>\n\t<meta name=\"twitter:data1\" content=\"2 minutes\" \/>\n<script type=\"application\/ld+json\" class=\"yoast-schema-graph\">{\"@context\":\"https:\/\/schema.org\",\"@graph\":[{\"@type\":\"WebPage\",\"@id\":\"https:\/\/www.capschoul.lu\/index.php\/programme-secondaire\/\",\"url\":\"https:\/\/www.capschoul.lu\/index.php\/programme-secondaire\/\",\"name\":\"Programme Secondaire - Capschoul\",\"isPartOf\":{\"@id\":\"https:\/\/www.capschoul.lu\/#website\"},\"datePublished\":\"2024-01-07T18:54:49+00:00\",\"dateModified\":\"2024-01-07T18:56:49+00:00\",\"breadcrumb\":{\"@id\":\"https:\/\/www.capschoul.lu\/index.php\/programme-secondaire\/#breadcrumb\"},\"inLanguage\":\"fr-FR\",\"potentialAction\":[{\"@type\":\"ReadAction\",\"target\":[\"https:\/\/www.capschoul.lu\/index.php\/programme-secondaire\/\"]}]},{\"@type\":\"BreadcrumbList\",\"@id\":\"https:\/\/www.capschoul.lu\/index.php\/programme-secondaire\/#breadcrumb\",\"itemListElement\":[{\"@type\":\"ListItem\",\"position\":1,\"name\":\"Accueil\",\"item\":\"https:\/\/www.capschoul.lu\/\"},{\"@type\":\"ListItem\",\"position\":2,\"name\":\"Programme Secondaire\"}]},{\"@type\":\"WebSite\",\"@id\":\"https:\/\/www.capschoul.lu\/#website\",\"url\":\"https:\/\/www.capschoul.lu\/\",\"name\":\"Capschoul\",\"description\":\"Soutien scolaire Luxembourg\",\"publisher\":{\"@id\":\"https:\/\/www.capschoul.lu\/#organization\"},\"potentialAction\":[{\"@type\":\"SearchAction\",\"target\":{\"@type\":\"EntryPoint\",\"urlTemplate\":\"https:\/\/www.capschoul.lu\/?s={search_term_string}\"},\"query-input\":\"required name=search_term_string\"}],\"inLanguage\":\"fr-FR\"},{\"@type\":\"Organization\",\"@id\":\"https:\/\/www.capschoul.lu\/#organization\",\"name\":\"Capschoul\",\"url\":\"https:\/\/www.capschoul.lu\/\",\"logo\":{\"@type\":\"ImageObject\",\"inLanguage\":\"fr-FR\",\"@id\":\"https:\/\/www.capschoul.lu\/#\/schema\/logo\/image\/\",\"url\":\"https:\/\/www.capschoul.lu\/wp-content\/uploads\/2024\/01\/logo-CAP-SCHOUL-Landscape300trans.png\",\"contentUrl\":\"https:\/\/www.capschoul.lu\/wp-content\/uploads\/2024\/01\/logo-CAP-SCHOUL-Landscape300trans.png\",\"width\":300,\"height\":85,\"caption\":\"Capschoul\"},\"image\":{\"@id\":\"https:\/\/www.capschoul.lu\/#\/schema\/logo\/image\/\"}}]}<\/script>\n<!-- \/ Yoast SEO plugin. -->","yoast_head_json":{"title":"Programme Secondaire - Capschoul","robots":{"index":"index","follow":"follow","max-snippet":"max-snippet:-1","max-image-preview":"max-image-preview:large","max-video-preview":"max-video-preview:-1"},"canonical":"https:\/\/www.capschoul.lu\/index.php\/programme-secondaire\/","og_locale":"fr_FR","og_type":"article","og_title":"Programme Secondaire - Capschoul","og_description":"[vc_row][vc_column][vc_empty_space][\/vc_column][\/vc_row][vc_row][vc_column][vc_column_text] Description du programme [\/vc_column_text][\/vc_column][\/vc_row][vc_row][vc_column width=\u00a0\u00bb1\/2&Prime;][vc_column_text]L\u2019entr\u00e9e au lyc\u00e9e est\u00a0 une nouvelle \u00e9tape dans le parcours scolaire de chaque \u00e9l\u00e8ve, il s\u2019agit pour lui d\u2019un nouvel univers auquel il va devoir s\u2019adapter et apprivoiser. Cela suppose aussi d\u2019autres m\u00e9thodes de travail : l\u2019\u00e9l\u00e8ve doit mieux s\u2019organiser pour rendre des comptes \u00e0 plusieurs interlocuteurs (un enseignant par [&hellip;]","og_url":"https:\/\/www.capschoul.lu\/index.php\/programme-secondaire\/","og_site_name":"Capschoul","article_modified_time":"2024-01-07T18:56:49+00:00","twitter_card":"summary_large_image","twitter_misc":{"Dur\u00e9e de lecture estim\u00e9e":"2 minutes"},"schema":{"@context":"https:\/\/schema.org","@graph":[{"@type":"WebPage","@id":"https:\/\/www.capschoul.lu\/index.php\/programme-secondaire\/","url":"https:\/\/www.capschoul.lu\/index.php\/programme-secondaire\/","name":"Programme Secondaire - Capschoul","isPartOf":{"@id":"https:\/\/www.capschoul.lu\/#website"},"datePublished":"2024-01-07T18:54:49+00:00","dateModified":"2024-01-07T18:56:49+00:00","breadcrumb":{"@id":"https:\/\/www.capschoul.lu\/index.php\/programme-secondaire\/#breadcrumb"},"inLanguage":"fr-FR","potentialAction":[{"@type":"ReadAction","target":["https:\/\/www.capschoul.lu\/index.php\/programme-secondaire\/"]}]},{"@type":"BreadcrumbList","@id":"https:\/\/www.capschoul.lu\/index.php\/programme-secondaire\/#breadcrumb","itemListElement":[{"@type":"ListItem","position":1,"name":"Accueil","item":"https:\/\/www.capschoul.lu\/"},{"@type":"ListItem","position":2,"name":"Programme Secondaire"}]},{"@type":"WebSite","@id":"https:\/\/www.capschoul.lu\/#website","url":"https:\/\/www.capschoul.lu\/","name":"Capschoul","description":"Soutien scolaire Luxembourg","publisher":{"@id":"https:\/\/www.capschoul.lu\/#organization"},"potentialAction":[{"@type":"SearchAction","target":{"@type":"EntryPoint","urlTemplate":"https:\/\/www.capschoul.lu\/?s={search_term_string}"},"query-input":"required name=search_term_string"}],"inLanguage":"fr-FR"},{"@type":"Organization","@id":"https:\/\/www.capschoul.lu\/#organization","name":"Capschoul","url":"https:\/\/www.capschoul.lu\/","logo":{"@type":"ImageObject","inLanguage":"fr-FR","@id":"https:\/\/www.capschoul.lu\/#\/schema\/logo\/image\/","url":"https:\/\/www.capschoul.lu\/wp-content\/uploads\/2024\/01\/logo-CAP-SCHOUL-Landscape300trans.png","contentUrl":"https:\/\/www.capschoul.lu\/wp-content\/uploads\/2024\/01\/logo-CAP-SCHOUL-Landscape300trans.png","width":300,"height":85,"caption":"Capschoul"},"image":{"@id":"https:\/\/www.capschoul.lu\/#\/schema\/logo\/image\/"}}]}},"_links":{"self":[{"href":"https:\/\/www.capschoul.lu\/index.php\/wp-json\/wp\/v2\/pages\/968","targetHints":{"allow":["GET"]}}],"collection":[{"href":"https:\/\/www.capschoul.lu\/index.php\/wp-json\/wp\/v2\/pages"}],"about":[{"href":"https:\/\/www.capschoul.lu\/index.php\/wp-json\/wp\/v2\/types\/page"}],"author":[{"embeddable":true,"href":"https:\/\/www.capschoul.lu\/index.php\/wp-json\/wp\/v2\/users\/1"}],"replies":[{"embeddable":true,"href":"https:\/\/www.capschoul.lu\/index.php\/wp-json\/wp\/v2\/comments?post=968"}],"version-history":[{"count":1,"href":"https:\/\/www.capschoul.lu\/index.php\/wp-json\/wp\/v2\/pages\/968\/revisions"}],"predecessor-version":[{"id":969,"href":"https:\/\/www.capschoul.lu\/index.php\/wp-json\/wp\/v2\/pages\/968\/revisions\/969"}],"wp:attachment":[{"href":"https:\/\/www.capschoul.lu\/index.php\/wp-json\/wp\/v2\/media?parent=968"}],"curies":[{"name":"wp","href":"https:\/\/api.w.org\/{rel}","templated":true}]}}