{"id":947,"date":"2024-01-07T18:48:25","date_gmt":"2024-01-07T17:48:25","guid":{"rendered":"https:\/\/www.capschoul.lu\/?page_id=947"},"modified":"2024-01-08T10:02:48","modified_gmt":"2024-01-08T09:02:48","slug":"methodologie","status":"publish","type":"page","link":"https:\/\/www.capschoul.lu\/index.php\/methodologie\/","title":{"rendered":"M\u00e9thodologie"},"content":{"rendered":"<div class=\"wpb-content-wrapper\"><p>[vc_row][vc_column]<div style=\"background-color:;height: 35px\" class=\"nicdark_section  \"><\/div> <h1 style=\"color:;padding:px;text-align:;font-size:px;line-height:px;letter-spacing: px;font-weight:\" class=\"    \">Votre enfant rencontre des difficult\u00e9s \u00e0 l\u2019\u00e9cole ?<\/h1> [\/vc_column][\/vc_row][vc_row][vc_column]<div style=\"background-color:;height: 35px\" class=\"nicdark_section  \"><\/div>[\/vc_column][\/vc_row][vc_row][vc_column][vc_column_text]<\/p>\n<div class=\"wpb_text_column wpb_content_element nd_options_text_align_center_responsive\">\n<div class=\"wpb_wrapper\">\n<p>Votre enfant a des difficult\u00e9s en cours de\u00a0<strong>fran\u00e7ais,<\/strong>\u00a0de\u00a0<strong>math\u00e9matiques\u00a0<\/strong>et d\u2019<strong>allemand<\/strong>, il a besoin d\u2019un soutien scolaire, de cl\u00e9s d\u2019apprentissages pour gagner en autonomie ?<\/p>\n<\/div>\n<\/div>\n<div class=\"nicdark_section \"><\/div>\n<div class=\"wpb_text_column wpb_content_element nd_options_text_align_center_responsive\">\n<div class=\"wpb_wrapper\">\n<p><span class=\"style2\">CAP SCHOUL<\/span>\u00a0met ses comp\u00e9tences au service des \u00e9l\u00e8ves et de leur r\u00e9ussite scolaire et personnelle, et\u00a0vous propose\u00a0:<\/p>\n<p>Un programme personnalis\u00e9 et sur mesure destin\u00e9 aux \u00e9l\u00e8ves de l\u2019\u00e9cole fondamentale et du secondaire.<\/p>\n<p>L\u2019\u00e9l\u00e8ve doit trouver sa place au sein de la classe, pour pouvoir \u00eatre concentr\u00e9 et accepter la vie de groupe. Ma longue exp\u00e9rience avec les enfants m\u2019a permis de le constater et d\u2019en tenir compte pour les mener \u00e0 la r\u00e9ussite.Certains ont un blocage dans l\u2019apprentissage d\u2019une mati\u00e8re, alors que d\u2019autres ne trouvent pas leur place dans le syst\u00e8me scolaire, ou ont du mal \u00e0 appliquer les m\u00e9thodes de travail propos\u00e9es.D\u2019autres veulent am\u00e9liorer leur dossier scolaire pour pouvoir int\u00e9grer la fili\u00e8re de leur choix.<\/p>\n<\/div>\n<\/div>\n<p>[\/vc_column_text][\/vc_column][\/vc_row][vc_row][vc_column][vc_empty_space][vc_column_text]<\/p>\n<h2>Optez pour la m\u00e9thodologie Capschoul !<\/h2>\n<p>[\/vc_column_text][vc_empty_space][\/vc_column][\/vc_row][vc_row][vc_column width=\u00a0\u00bb1\/2&Prime;][vc_single_image image=\u00a0\u00bb943&Prime; img_size=\u00a0\u00bbfull\u00a0\u00bb][\/vc_column][vc_column width=\u00a0\u00bb1\/2&Prime;] <h2 style=\"color:;padding:px;text-align:;font-size:px;line-height:px;letter-spacing: px;font-weight:normal\" class=\"    \">Une m\u00e9thodologie adapt\u00e9e \u00e0 votre enfant<\/h2> <div style=\"background-color:;height: 35px\" class=\"nicdark_section  \"><\/div> Apr\u00e8s un entretien individuel avec l\u2019\u00e9l\u00e8ve, et une \u00e9valuation qui permet de conna\u00eetre les points forts et points faibles de l\u2019\u00e9l\u00e8ve, je mets en place un programme qui lui correspond. J\u2019utilise les moyens technologiques modernes qui font aujourd\u2019hui partie du quotidien de la nouvelle g\u00e9n\u00e9ration. L\u2019apprentissage devient ludique et int\u00e9ressant pour les \u00e9l\u00e8ves du primaire.Tous les profils sont satisfaits, les visuels comme les auditifs. Je travaille en collaboration avec les enseignants des \u00e9l\u00e8ves pour un r\u00e9sultat optimal. [\/vc_column][\/vc_row][vc_row][vc_column][vc_empty_space][\/vc_column][\/vc_row][vc_row][vc_column][vc_column_text]<\/p>\n<h1 class=\" nd_options_text_align_center_responsive_important nd_options_first_font \">Des objectifs \u00e0 atteindre :<\/h1>\n<p>[\/vc_column_text][\/vc_column][\/vc_row][vc_row][vc_column][vc_empty_space][\/vc_column][\/vc_row][vc_row][vc_column width=\u00a0\u00bb1\/2&Prime;][vc_column_text css_animation=\u00a0\u00bbslideInLeft\u00a0\u00bb]Capschoul vient \u00e9pauler les parents, par le biais d\u2019un accompagnement tr\u00e8s personnalis\u00e9, afin d\u2019aider chaque \u00e9l\u00e8ve \u00e0 :<\/p>\n<ul>\n<li>am\u00e9liorer ses r\u00e9sultats,<\/li>\n<li>acqu\u00e9rir de bonnes m\u00e9thodes de travail,<\/li>\n<li>gagner en confiance et croire en son propre potentiel,<\/li>\n<li>se projeter dans l\u2019avenir, \u00e0 travers un choix d\u2019orientation.<\/li>\n<\/ul>\n<p><strong>Car tout enfant a le potentiel pour r\u00e9ussir.<\/strong>[\/vc_column_text][\/vc_column][vc_column width=\u00a0\u00bb1\/2&Prime;][vc_single_image image=\u00a0\u00bb959&Prime; img_size=\u00a0\u00bbfull\u00a0\u00bb][\/vc_column][\/vc_row][vc_row][vc_column][vc_empty_space][\/vc_column][\/vc_row]<\/p>\n<\/div>","protected":false},"excerpt":{"rendered":"<p>[vc_row][vc_column][\/vc_column][\/vc_row][vc_row][vc_column][\/vc_column][\/vc_row][vc_row][vc_column][vc_column_text] Votre enfant a des difficult\u00e9s en cours de\u00a0fran\u00e7ais,\u00a0de\u00a0math\u00e9matiques\u00a0et d\u2019allemand, il a besoin d\u2019un soutien scolaire, de cl\u00e9s d\u2019apprentissages pour gagner en autonomie ? CAP SCHOUL\u00a0met ses comp\u00e9tences au service des \u00e9l\u00e8ves et de leur r\u00e9ussite scolaire et personnelle, et\u00a0vous propose\u00a0: Un programme personnalis\u00e9 et sur mesure destin\u00e9 aux \u00e9l\u00e8ves de l\u2019\u00e9cole fondamentale et du [&hellip;]<\/p>\n","protected":false},"author":1,"featured_media":0,"parent":0,"menu_order":0,"comment_status":"closed","ping_status":"closed","template":"","meta":{"footnotes":""},"class_list":["post-947","page","type-page","status-publish","hentry"],"yoast_head":"<!-- This site is optimized with the Yoast SEO plugin v21.8 - https:\/\/yoast.com\/wordpress\/plugins\/seo\/ -->\n<title>M\u00e9thodologie - Capschoul<\/title>\n<meta name=\"robots\" content=\"index, follow, max-snippet:-1, max-image-preview:large, max-video-preview:-1\" \/>\n<link rel=\"canonical\" href=\"https:\/\/www.capschoul.lu\/index.php\/methodologie\/\" \/>\n<meta property=\"og:locale\" content=\"fr_FR\" \/>\n<meta property=\"og:type\" content=\"article\" \/>\n<meta property=\"og:title\" content=\"M\u00e9thodologie - Capschoul\" \/>\n<meta property=\"og:description\" content=\"[vc_row][vc_column][\/vc_column][\/vc_row][vc_row][vc_column][\/vc_column][\/vc_row][vc_row][vc_column][vc_column_text] Votre enfant a des difficult\u00e9s en cours de\u00a0fran\u00e7ais,\u00a0de\u00a0math\u00e9matiques\u00a0et d\u2019allemand, il a besoin d\u2019un soutien scolaire, de cl\u00e9s d\u2019apprentissages pour gagner en autonomie ? CAP SCHOUL\u00a0met ses comp\u00e9tences au service des \u00e9l\u00e8ves et de leur r\u00e9ussite scolaire et personnelle, et\u00a0vous propose\u00a0: Un programme personnalis\u00e9 et sur mesure destin\u00e9 aux \u00e9l\u00e8ves de l\u2019\u00e9cole fondamentale et du [&hellip;]\" \/>\n<meta property=\"og:url\" content=\"https:\/\/www.capschoul.lu\/index.php\/methodologie\/\" \/>\n<meta property=\"og:site_name\" content=\"Capschoul\" \/>\n<meta property=\"article:modified_time\" content=\"2024-01-08T09:02:48+00:00\" \/>\n<meta name=\"twitter:card\" content=\"summary_large_image\" \/>\n<meta name=\"twitter:label1\" content=\"Dur\u00e9e de lecture estim\u00e9e\" \/>\n\t<meta name=\"twitter:data1\" content=\"3 minutes\" \/>\n<script type=\"application\/ld+json\" class=\"yoast-schema-graph\">{\"@context\":\"https:\/\/schema.org\",\"@graph\":[{\"@type\":\"WebPage\",\"@id\":\"https:\/\/www.capschoul.lu\/index.php\/methodologie\/\",\"url\":\"https:\/\/www.capschoul.lu\/index.php\/methodologie\/\",\"name\":\"M\u00e9thodologie - Capschoul\",\"isPartOf\":{\"@id\":\"https:\/\/www.capschoul.lu\/#website\"},\"datePublished\":\"2024-01-07T17:48:25+00:00\",\"dateModified\":\"2024-01-08T09:02:48+00:00\",\"breadcrumb\":{\"@id\":\"https:\/\/www.capschoul.lu\/index.php\/methodologie\/#breadcrumb\"},\"inLanguage\":\"fr-FR\",\"potentialAction\":[{\"@type\":\"ReadAction\",\"target\":[\"https:\/\/www.capschoul.lu\/index.php\/methodologie\/\"]}]},{\"@type\":\"BreadcrumbList\",\"@id\":\"https:\/\/www.capschoul.lu\/index.php\/methodologie\/#breadcrumb\",\"itemListElement\":[{\"@type\":\"ListItem\",\"position\":1,\"name\":\"Accueil\",\"item\":\"https:\/\/www.capschoul.lu\/\"},{\"@type\":\"ListItem\",\"position\":2,\"name\":\"M\u00e9thodologie\"}]},{\"@type\":\"WebSite\",\"@id\":\"https:\/\/www.capschoul.lu\/#website\",\"url\":\"https:\/\/www.capschoul.lu\/\",\"name\":\"Capschoul\",\"description\":\"Soutien scolaire Luxembourg\",\"publisher\":{\"@id\":\"https:\/\/www.capschoul.lu\/#organization\"},\"potentialAction\":[{\"@type\":\"SearchAction\",\"target\":{\"@type\":\"EntryPoint\",\"urlTemplate\":\"https:\/\/www.capschoul.lu\/?s={search_term_string}\"},\"query-input\":\"required name=search_term_string\"}],\"inLanguage\":\"fr-FR\"},{\"@type\":\"Organization\",\"@id\":\"https:\/\/www.capschoul.lu\/#organization\",\"name\":\"Capschoul\",\"url\":\"https:\/\/www.capschoul.lu\/\",\"logo\":{\"@type\":\"ImageObject\",\"inLanguage\":\"fr-FR\",\"@id\":\"https:\/\/www.capschoul.lu\/#\/schema\/logo\/image\/\",\"url\":\"https:\/\/www.capschoul.lu\/wp-content\/uploads\/2024\/01\/logo-CAP-SCHOUL-Landscape300trans.png\",\"contentUrl\":\"https:\/\/www.capschoul.lu\/wp-content\/uploads\/2024\/01\/logo-CAP-SCHOUL-Landscape300trans.png\",\"width\":300,\"height\":85,\"caption\":\"Capschoul\"},\"image\":{\"@id\":\"https:\/\/www.capschoul.lu\/#\/schema\/logo\/image\/\"}}]}<\/script>\n<!-- \/ Yoast SEO plugin. -->","yoast_head_json":{"title":"M\u00e9thodologie - Capschoul","robots":{"index":"index","follow":"follow","max-snippet":"max-snippet:-1","max-image-preview":"max-image-preview:large","max-video-preview":"max-video-preview:-1"},"canonical":"https:\/\/www.capschoul.lu\/index.php\/methodologie\/","og_locale":"fr_FR","og_type":"article","og_title":"M\u00e9thodologie - Capschoul","og_description":"[vc_row][vc_column][\/vc_column][\/vc_row][vc_row][vc_column][\/vc_column][\/vc_row][vc_row][vc_column][vc_column_text] Votre enfant a des difficult\u00e9s en cours de\u00a0fran\u00e7ais,\u00a0de\u00a0math\u00e9matiques\u00a0et d\u2019allemand, il a besoin d\u2019un soutien scolaire, de cl\u00e9s d\u2019apprentissages pour gagner en autonomie ? CAP SCHOUL\u00a0met ses comp\u00e9tences au service des \u00e9l\u00e8ves et de leur r\u00e9ussite scolaire et personnelle, et\u00a0vous propose\u00a0: Un programme personnalis\u00e9 et sur mesure destin\u00e9 aux \u00e9l\u00e8ves de l\u2019\u00e9cole fondamentale et du [&hellip;]","og_url":"https:\/\/www.capschoul.lu\/index.php\/methodologie\/","og_site_name":"Capschoul","article_modified_time":"2024-01-08T09:02:48+00:00","twitter_card":"summary_large_image","twitter_misc":{"Dur\u00e9e de lecture estim\u00e9e":"3 minutes"},"schema":{"@context":"https:\/\/schema.org","@graph":[{"@type":"WebPage","@id":"https:\/\/www.capschoul.lu\/index.php\/methodologie\/","url":"https:\/\/www.capschoul.lu\/index.php\/methodologie\/","name":"M\u00e9thodologie - Capschoul","isPartOf":{"@id":"https:\/\/www.capschoul.lu\/#website"},"datePublished":"2024-01-07T17:48:25+00:00","dateModified":"2024-01-08T09:02:48+00:00","breadcrumb":{"@id":"https:\/\/www.capschoul.lu\/index.php\/methodologie\/#breadcrumb"},"inLanguage":"fr-FR","potentialAction":[{"@type":"ReadAction","target":["https:\/\/www.capschoul.lu\/index.php\/methodologie\/"]}]},{"@type":"BreadcrumbList","@id":"https:\/\/www.capschoul.lu\/index.php\/methodologie\/#breadcrumb","itemListElement":[{"@type":"ListItem","position":1,"name":"Accueil","item":"https:\/\/www.capschoul.lu\/"},{"@type":"ListItem","position":2,"name":"M\u00e9thodologie"}]},{"@type":"WebSite","@id":"https:\/\/www.capschoul.lu\/#website","url":"https:\/\/www.capschoul.lu\/","name":"Capschoul","description":"Soutien scolaire Luxembourg","publisher":{"@id":"https:\/\/www.capschoul.lu\/#organization"},"potentialAction":[{"@type":"SearchAction","target":{"@type":"EntryPoint","urlTemplate":"https:\/\/www.capschoul.lu\/?s={search_term_string}"},"query-input":"required name=search_term_string"}],"inLanguage":"fr-FR"},{"@type":"Organization","@id":"https:\/\/www.capschoul.lu\/#organization","name":"Capschoul","url":"https:\/\/www.capschoul.lu\/","logo":{"@type":"ImageObject","inLanguage":"fr-FR","@id":"https:\/\/www.capschoul.lu\/#\/schema\/logo\/image\/","url":"https:\/\/www.capschoul.lu\/wp-content\/uploads\/2024\/01\/logo-CAP-SCHOUL-Landscape300trans.png","contentUrl":"https:\/\/www.capschoul.lu\/wp-content\/uploads\/2024\/01\/logo-CAP-SCHOUL-Landscape300trans.png","width":300,"height":85,"caption":"Capschoul"},"image":{"@id":"https:\/\/www.capschoul.lu\/#\/schema\/logo\/image\/"}}]}},"_links":{"self":[{"href":"https:\/\/www.capschoul.lu\/index.php\/wp-json\/wp\/v2\/pages\/947","targetHints":{"allow":["GET"]}}],"collection":[{"href":"https:\/\/www.capschoul.lu\/index.php\/wp-json\/wp\/v2\/pages"}],"about":[{"href":"https:\/\/www.capschoul.lu\/index.php\/wp-json\/wp\/v2\/types\/page"}],"author":[{"embeddable":true,"href":"https:\/\/www.capschoul.lu\/index.php\/wp-json\/wp\/v2\/users\/1"}],"replies":[{"embeddable":true,"href":"https:\/\/www.capschoul.lu\/index.php\/wp-json\/wp\/v2\/comments?post=947"}],"version-history":[{"count":10,"href":"https:\/\/www.capschoul.lu\/index.php\/wp-json\/wp\/v2\/pages\/947\/revisions"}],"predecessor-version":[{"id":1055,"href":"https:\/\/www.capschoul.lu\/index.php\/wp-json\/wp\/v2\/pages\/947\/revisions\/1055"}],"wp:attachment":[{"href":"https:\/\/www.capschoul.lu\/index.php\/wp-json\/wp\/v2\/media?parent=947"}],"curies":[{"name":"wp","href":"https:\/\/api.w.org\/{rel}","templated":true}]}}